{"id":149,"date":"2026-03-27T07:18:12","date_gmt":"2026-03-27T07:18:12","guid":{"rendered":"https:\/\/rlservicios.com.es\/?page_id=149"},"modified":"2026-03-27T07:18:12","modified_gmt":"2026-03-27T07:18:12","slug":"neveras","status":"publish","type":"page","link":"https:\/\/rlservicios.com.es\/index.php\/neveras\/","title":{"rendered":"Neveras"},"content":{"rendered":"\n<figure class=\"wp-block-image size-full\"><img loading=\"lazy\" decoding=\"async\" width=\"262\" height=\"452\" src=\"https:\/\/rlservicios.com.es\/wp-content\/uploads\/2026\/03\/1000209543.png\" alt=\"\" class=\"wp-image-150\" srcset=\"https:\/\/rlservicios.com.es\/wp-content\/uploads\/2026\/03\/1000209543.png 262w, https:\/\/rlservicios.com.es\/wp-content\/uploads\/2026\/03\/1000209543-174x300.png 174w\" sizes=\"auto, (max-width: 262px) 100vw, 262px\" \/><\/figure>\n\n\n\n<section>\n  <h1>Reparaci\u00f3n de lavadoras en C\u00e1ceres<\/h1>\n  <p>Reparamos lavadoras en C\u00e1ceres de todas las marcas. Servicio t\u00e9cnico r\u00e1pido para aver\u00edas como fugas de agua, fallos de centrifugado o problemas el\u00e9ctricos.<\/p>\n  \n  <h2>Aver\u00edas habituales<\/h2>\n  <ul>\n    <li>No centrifuga<\/li>\n    <li>Pierde agua<\/li>\n    <li>No enciende<\/li>\n    <li>Hace golpes o ruidos<\/li>\n  <\/ul>\n\n  <p>Servicio t\u00e9cnico de lavadoras en C\u00e1ceres con garant\u00eda y atenci\u00f3n inmediata.<\/p>\n<\/section>\n\n\n\n<p><\/p>\n","protected":false},"excerpt":{"rendered":"<p>Reparaci\u00f3n de lavadoras en C\u00e1ceres Reparamos lavadoras en C\u00e1ceres de todas las marcas. Servicio t\u00e9cnico r\u00e1pido para aver\u00edas como fugas de agua, fallos de centrifugado o problemas el\u00e9ctricos. Aver\u00edas habituales&hellip;<\/p>\n","protected":false},"author":1,"featured_media":0,"parent":0,"menu_order":0,"comment_status":"closed","ping_status":"closed","template":"","meta":{"footnotes":""},"class_list":["post-149","page","type-page","status-publish","hentry"],"_links":{"self":[{"href":"https:\/\/rlservicios.com.es\/index.php\/wp-json\/wp\/v2\/pages\/149","targetHints":{"allow":["GET"]}}],"collection":[{"href":"https:\/\/rlservicios.com.es\/index.php\/wp-json\/wp\/v2\/pages"}],"about":[{"href":"https:\/\/rlservicios.com.es\/index.php\/wp-json\/wp\/v2\/types\/page"}],"author":[{"embeddable":true,"href":"https:\/\/rlservicios.com.es\/index.php\/wp-json\/wp\/v2\/users\/1"}],"replies":[{"embeddable":true,"href":"https:\/\/rlservicios.com.es\/index.php\/wp-json\/wp\/v2\/comments?post=149"}],"version-history":[{"count":1,"href":"https:\/\/rlservicios.com.es\/index.php\/wp-json\/wp\/v2\/pages\/149\/revisions"}],"predecessor-version":[{"id":151,"href":"https:\/\/rlservicios.com.es\/index.php\/wp-json\/wp\/v2\/pages\/149\/revisions\/151"}],"wp:attachment":[{"href":"https:\/\/rlservicios.com.es\/index.php\/wp-json\/wp\/v2\/media?parent=149"}],"curies":[{"name":"wp","href":"https:\/\/api.w.org\/{rel}","templated":true}]}}