{"id":152,"date":"2026-03-27T07:19:04","date_gmt":"2026-03-27T07:19:04","guid":{"rendered":"https:\/\/rlservicios.com.es\/?page_id=152"},"modified":"2026-03-27T07:19:04","modified_gmt":"2026-03-27T07:19:04","slug":"vitro-y-cocinas","status":"publish","type":"page","link":"https:\/\/rlservicios.com.es\/index.php\/vitro-y-cocinas\/","title":{"rendered":"Vitro y Cocinas"},"content":{"rendered":"\n<figure class=\"wp-block-image size-full\"><img loading=\"lazy\" decoding=\"async\" width=\"441\" height=\"361\" src=\"https:\/\/rlservicios.com.es\/wp-content\/uploads\/2026\/03\/1000209545.png\" alt=\"\" class=\"wp-image-153\" srcset=\"https:\/\/rlservicios.com.es\/wp-content\/uploads\/2026\/03\/1000209545.png 441w, https:\/\/rlservicios.com.es\/wp-content\/uploads\/2026\/03\/1000209545-300x246.png 300w\" sizes=\"auto, (max-width: 441px) 100vw, 441px\" \/><\/figure>\n\n\n\n<section>\n  <h1>Reparaci\u00f3n de vitrocer\u00e1micas y cocinas en C\u00e1ceres<\/h1>\n  <p>Servicio t\u00e9cnico de vitrocer\u00e1micas y cocinas en C\u00e1ceres. Solucionamos fallos de calentamiento, placas da\u00f1adas y problemas el\u00e9ctricos.<\/p>\n  \n  <h2>Fallos habituales<\/h2>\n  <ul>\n    <li>No calienta<\/li>\n    <li>Se apaga sola<\/li>\n    <li>Cristal roto<\/li>\n    <li>No responde al tacto<\/li>\n  <\/ul>\n\n  <p>Reparaci\u00f3n de vitrocer\u00e1micas en C\u00e1ceres con servicio r\u00e1pido y profesional.<\/p>\n<\/section>\n","protected":false},"excerpt":{"rendered":"<p>Reparaci\u00f3n de vitrocer\u00e1micas y cocinas en C\u00e1ceres Servicio t\u00e9cnico de vitrocer\u00e1micas y cocinas en C\u00e1ceres. Solucionamos fallos de calentamiento, placas da\u00f1adas y problemas el\u00e9ctricos. Fallos habituales No calienta Se apaga&hellip;<\/p>\n","protected":false},"author":1,"featured_media":0,"parent":0,"menu_order":0,"comment_status":"closed","ping_status":"closed","template":"","meta":{"footnotes":""},"class_list":["post-152","page","type-page","status-publish","hentry"],"_links":{"self":[{"href":"https:\/\/rlservicios.com.es\/index.php\/wp-json\/wp\/v2\/pages\/152","targetHints":{"allow":["GET"]}}],"collection":[{"href":"https:\/\/rlservicios.com.es\/index.php\/wp-json\/wp\/v2\/pages"}],"about":[{"href":"https:\/\/rlservicios.com.es\/index.php\/wp-json\/wp\/v2\/types\/page"}],"author":[{"embeddable":true,"href":"https:\/\/rlservicios.com.es\/index.php\/wp-json\/wp\/v2\/users\/1"}],"replies":[{"embeddable":true,"href":"https:\/\/rlservicios.com.es\/index.php\/wp-json\/wp\/v2\/comments?post=152"}],"version-history":[{"count":1,"href":"https:\/\/rlservicios.com.es\/index.php\/wp-json\/wp\/v2\/pages\/152\/revisions"}],"predecessor-version":[{"id":154,"href":"https:\/\/rlservicios.com.es\/index.php\/wp-json\/wp\/v2\/pages\/152\/revisions\/154"}],"wp:attachment":[{"href":"https:\/\/rlservicios.com.es\/index.php\/wp-json\/wp\/v2\/media?parent=152"}],"curies":[{"name":"wp","href":"https:\/\/api.w.org\/{rel}","templated":true}]}}