{"id":52,"date":"2026-03-10T15:40:08","date_gmt":"2026-03-10T15:40:08","guid":{"rendered":"https:\/\/rlservicios.com.es\/?page_id=52"},"modified":"2026-03-10T15:40:09","modified_gmt":"2026-03-10T15:40:09","slug":"aviso-legal-caceres","status":"publish","type":"page","link":"https:\/\/rlservicios.com.es\/index.php\/aviso-legal-caceres\/","title":{"rendered":"aviso legal caceres"},"content":{"rendered":"\n<h1 class=\"wp-block-heading\">Aviso Legal<\/h1>\n\n\n\n<p>En cumplimiento con el deber de informaci\u00f3n recogido en la Ley 34\/2002 de Servicios de la Sociedad de la Informaci\u00f3n y del Comercio Electr\u00f3nico (LSSI-CE), se informa que el presente sitio web pertenece a:<\/p>\n\n\n\n<p><strong>Responsable:<\/strong> RL Servicios<br><strong>Tel\u00e9fono:<\/strong> +34 641 46 97 37<br><strong>Ubicaci\u00f3n:<\/strong> C\u00e1ceres, Espa\u00f1a<br><strong>Sitio web:<\/strong> rlservicios.com.es<\/p>\n\n\n\n<h2 class=\"wp-block-heading\">Objeto<\/h2>\n\n\n\n<p>El presente sitio web tiene como finalidad ofrecer informaci\u00f3n sobre servicios de reparaci\u00f3n del hogar, reparaci\u00f3n de electrodom\u00e9sticos, instalaci\u00f3n y reparaci\u00f3n de aire acondicionado y servicios de manitas en la ciudad de <strong>C\u00e1ceres<\/strong>.<\/p>\n\n\n\n<h2 class=\"wp-block-heading\">Condiciones de uso<\/h2>\n\n\n\n<p>El acceso y uso de este sitio web atribuye la condici\u00f3n de usuario, lo que implica la aceptaci\u00f3n de las presentes condiciones de uso.<\/p>\n\n\n\n<p>El usuario se compromete a utilizar el sitio web de forma adecuada y conforme a la legislaci\u00f3n vigente.<\/p>\n\n\n\n<h2 class=\"wp-block-heading\">Propiedad intelectual<\/h2>\n\n\n\n<p>Todos los contenidos de esta web (textos, im\u00e1genes, dise\u00f1o, logotipos y estructura) son propiedad de RL Servicios o se utilizan con autorizaci\u00f3n.<\/p>\n\n\n\n<h2 class=\"wp-block-heading\">Responsabilidad<\/h2>\n\n\n\n<p>RL Servicios no se responsabiliza del uso indebido que los usuarios puedan hacer de la informaci\u00f3n publicada en este sitio web.<\/p>\n\n\n\n<p><\/p>\n","protected":false},"excerpt":{"rendered":"<p>Aviso Legal En cumplimiento con el deber de informaci\u00f3n recogido en la Ley 34\/2002 de Servicios de la Sociedad de la Informaci\u00f3n y del Comercio Electr\u00f3nico (LSSI-CE), se informa que&hellip;<\/p>\n","protected":false},"author":1,"featured_media":0,"parent":0,"menu_order":0,"comment_status":"closed","ping_status":"closed","template":"","meta":{"footnotes":""},"class_list":["post-52","page","type-page","status-publish","hentry"],"_links":{"self":[{"href":"https:\/\/rlservicios.com.es\/index.php\/wp-json\/wp\/v2\/pages\/52","targetHints":{"allow":["GET"]}}],"collection":[{"href":"https:\/\/rlservicios.com.es\/index.php\/wp-json\/wp\/v2\/pages"}],"about":[{"href":"https:\/\/rlservicios.com.es\/index.php\/wp-json\/wp\/v2\/types\/page"}],"author":[{"embeddable":true,"href":"https:\/\/rlservicios.com.es\/index.php\/wp-json\/wp\/v2\/users\/1"}],"replies":[{"embeddable":true,"href":"https:\/\/rlservicios.com.es\/index.php\/wp-json\/wp\/v2\/comments?post=52"}],"version-history":[{"count":1,"href":"https:\/\/rlservicios.com.es\/index.php\/wp-json\/wp\/v2\/pages\/52\/revisions"}],"predecessor-version":[{"id":53,"href":"https:\/\/rlservicios.com.es\/index.php\/wp-json\/wp\/v2\/pages\/52\/revisions\/53"}],"wp:attachment":[{"href":"https:\/\/rlservicios.com.es\/index.php\/wp-json\/wp\/v2\/media?parent=52"}],"curies":[{"name":"wp","href":"https:\/\/api.w.org\/{rel}","templated":true}]}}