{"id":54,"date":"2026-03-10T15:40:50","date_gmt":"2026-03-10T15:40:50","guid":{"rendered":"https:\/\/rlservicios.com.es\/?page_id=54"},"modified":"2026-03-10T15:40:51","modified_gmt":"2026-03-10T15:40:51","slug":"politica-privacidad-caceres","status":"publish","type":"page","link":"https:\/\/rlservicios.com.es\/index.php\/politica-privacidad-caceres\/","title":{"rendered":"pol\u00edtica privacidad caceres"},"content":{"rendered":"\n<h1 class=\"wp-block-heading\">Pol\u00edtica de Privacidad<\/h1>\n\n\n\n<p>De acuerdo con el Reglamento (UE) 2016\/679 del Parlamento Europeo y del Consejo (RGPD), se informa a los usuarios sobre el tratamiento de sus datos personales.<\/p>\n\n\n\n<h2 class=\"wp-block-heading\">Responsable del tratamiento<\/h2>\n\n\n\n<p>Responsable: RL Servicios<br>Tel\u00e9fono: +34 641 46 97 37<br>Ubicaci\u00f3n: C\u00e1ceres, Espa\u00f1a<br>Web: rlservicios.com.es<\/p>\n\n\n\n<h2 class=\"wp-block-heading\">Finalidad del tratamiento<\/h2>\n\n\n\n<p>Los datos personales que el usuario facilite a trav\u00e9s del formulario de contacto ser\u00e1n utilizados \u00fanicamente para:<\/p>\n\n\n\n<ul class=\"wp-block-list\">\n<li>Responder consultas realizadas por los usuarios.<\/li>\n\n\n\n<li>Gestionar solicitudes de presupuesto.<\/li>\n\n\n\n<li>Contactar con el cliente para prestar servicios t\u00e9cnicos en C\u00e1ceres.<\/li>\n<\/ul>\n\n\n\n<h2 class=\"wp-block-heading\">Legitimaci\u00f3n<\/h2>\n\n\n\n<p>La base legal para el tratamiento de los datos es el consentimiento del usuario al enviar el formulario de contacto.<\/p>\n\n\n\n<h2 class=\"wp-block-heading\">Conservaci\u00f3n de los datos<\/h2>\n\n\n\n<p>Los datos se conservar\u00e1n \u00fanicamente durante el tiempo necesario para gestionar la solicitud del usuario.<\/p>\n\n\n\n<h2 class=\"wp-block-heading\">Derechos del usuario<\/h2>\n\n\n\n<p>El usuario puede ejercer sus derechos de acceso, rectificaci\u00f3n, supresi\u00f3n u oposici\u00f3n contactando a trav\u00e9s del tel\u00e9fono indicado en esta web.<\/p>\n\n\n\n<p><\/p>\n","protected":false},"excerpt":{"rendered":"<p>Pol\u00edtica de Privacidad De acuerdo con el Reglamento (UE) 2016\/679 del Parlamento Europeo y del Consejo (RGPD), se informa a los usuarios sobre el tratamiento de sus datos personales. Responsable&hellip;<\/p>\n","protected":false},"author":1,"featured_media":0,"parent":0,"menu_order":0,"comment_status":"closed","ping_status":"closed","template":"","meta":{"footnotes":""},"class_list":["post-54","page","type-page","status-publish","hentry"],"_links":{"self":[{"href":"https:\/\/rlservicios.com.es\/index.php\/wp-json\/wp\/v2\/pages\/54","targetHints":{"allow":["GET"]}}],"collection":[{"href":"https:\/\/rlservicios.com.es\/index.php\/wp-json\/wp\/v2\/pages"}],"about":[{"href":"https:\/\/rlservicios.com.es\/index.php\/wp-json\/wp\/v2\/types\/page"}],"author":[{"embeddable":true,"href":"https:\/\/rlservicios.com.es\/index.php\/wp-json\/wp\/v2\/users\/1"}],"replies":[{"embeddable":true,"href":"https:\/\/rlservicios.com.es\/index.php\/wp-json\/wp\/v2\/comments?post=54"}],"version-history":[{"count":1,"href":"https:\/\/rlservicios.com.es\/index.php\/wp-json\/wp\/v2\/pages\/54\/revisions"}],"predecessor-version":[{"id":55,"href":"https:\/\/rlservicios.com.es\/index.php\/wp-json\/wp\/v2\/pages\/54\/revisions\/55"}],"wp:attachment":[{"href":"https:\/\/rlservicios.com.es\/index.php\/wp-json\/wp\/v2\/media?parent=54"}],"curies":[{"name":"wp","href":"https:\/\/api.w.org\/{rel}","templated":true}]}}